{"id":276,"date":"2025-05-04T14:39:03","date_gmt":"2025-05-04T13:39:03","guid":{"rendered":"https:\/\/liskaakotous.cz\/?page_id=276"},"modified":"2025-05-04T15:28:54","modified_gmt":"2025-05-04T14:28:54","slug":"jak-to-vypada","status":"publish","type":"page","link":"https:\/\/liskaakotous.cz\/?page_id=276","title":{"rendered":"JAK TO VYPAD\u00c1"},"content":{"rendered":"<div class=\"wpb-content-wrapper\"><p>[vc_row row_height_percent=&#8220;0&#8243; override_padding=&#8220;yes&#8220; h_padding=&#8220;2&#8243; top_padding=&#8220;5&#8243; bottom_padding=&#8220;5&#8243; back_color=&#8220;color-xsdn&#8220; back_image=&#8220;203&#8243; back_repeat=&#8220;no-repeat&#8220; back_attachment=&#8220;scroll&#8220; back_position=&#8220;center top&#8220; overlay_alpha=&#8220;50&#8243; gutter_size=&#8220;4&#8243; column_width_percent=&#8220;100&#8243; shift_y=&#8220;0&#8243; z_index=&#8220;0&#8243; content_parallax=&#8220;0&#8243; uncode_shortcode_id=&#8220;613666&#8243; back_color_type=&#8220;uncode-palette&#8220; back_size=&#8220;1400px&#8220;][vc_column column_width_percent=&#8220;100&#8243; gutter_size=&#8220;2&#8243; style=&#8220;light&#8220; font_family=&#8220;font-163697&#8243; overlay_alpha=&#8220;50&#8243; shift_x=&#8220;0&#8243; shift_y=&#8220;0&#8243; shift_y_down=&#8220;0&#8243; z_index=&#8220;0&#8243; medium_width=&#8220;0&#8243; mobile_width=&#8220;0&#8243; width=&#8220;1\/1&#8243; uncode_shortcode_id=&#8220;822855&#8243;][vc_row_inner limit_content=&#8220;&#8220;][vc_column_inner column_width_percent=&#8220;100&#8243; gutter_size=&#8220;2&#8243; style=&#8220;dark&#8220; overlay_alpha=&#8220;50&#8243; shift_x=&#8220;0&#8243; shift_y=&#8220;0&#8243; shift_y_down=&#8220;0&#8243; z_index=&#8220;0&#8243; medium_width=&#8220;0&#8243; mobile_width=&#8220;0&#8243; width=&#8220;4\/12&#8243;][vc_custom_heading text_color=&#8220;accent&#8220; heading_semantic=&#8220;h3&#8243; text_font=&#8220;font-163697&#8243; text_size=&#8220;h3&#8243; uncode_shortcode_id=&#8220;517213&#8243; text_color_type=&#8220;uncode-palette&#8220;]NA\u0160E TECHNIKA[\/vc_custom_heading][vc_empty_space empty_h=&#8220;2&#8243; desktop_visibility=&#8220;yes&#8220;][\/vc_column_inner][vc_column_inner column_width_percent=&#8220;100&#8243; gutter_size=&#8220;3&#8243; overlay_alpha=&#8220;50&#8243; shift_x=&#8220;0&#8243; shift_y=&#8220;0&#8243; shift_y_down=&#8220;0&#8243; z_index=&#8220;0&#8243; medium_visibility=&#8220;yes&#8220; medium_width=&#8220;0&#8243; mobile_visibility=&#8220;yes&#8220; mobile_width=&#8220;0&#8243; width=&#8220;2\/12&#8243;][\/vc_column_inner][vc_column_inner column_width_percent=&#8220;100&#8243; gutter_size=&#8220;3&#8243; style=&#8220;dark&#8220; overlay_alpha=&#8220;50&#8243; shift_x=&#8220;0&#8243; shift_y=&#8220;0&#8243; shift_y_down=&#8220;0&#8243; z_index=&#8220;0&#8243; medium_width=&#8220;0&#8243; mobile_width=&#8220;0&#8243; width=&#8220;6\/12&#8243;][vc_column_text text_color=&#8220;color-prif&#8220; uncode_shortcode_id=&#8220;680602&#8243; text_color_type=&#8220;uncode-palette&#8220;]Pou\u017e\u00edv\u00e1me v\u00fdkonn\u00e9 bagry, naklada\u010de a dal\u0161\u00ed stroje, se kter\u00fdmi zvl\u00e1dneme i nejt\u011b\u017e\u0161\u00ed ter\u00e9nn\u00ed pr\u00e1ce. Pod\u00edvejte se, jak pracujeme \u2013 siln\u00e9 stroje, precizn\u00ed v\u00fdsledky.[\/vc_column_text][\/vc_column_inner][\/vc_row_inner][vc_row_inner row_inner_height_percent=&#8220;0&#8243; overlay_alpha=&#8220;50&#8243; gutter_size=&#8220;4&#8243; shift_y=&#8220;0&#8243; z_index=&#8220;0&#8243;][vc_column_inner column_width_percent=&#8220;100&#8243; gutter_size=&#8220;3&#8243; overlay_alpha=&#8220;50&#8243; shift_x=&#8220;0&#8243; shift_y=&#8220;0&#8243; shift_y_down=&#8220;0&#8243; z_index=&#8220;0&#8243; medium_width=&#8220;0&#8243; mobile_width=&#8220;0&#8243; width=&#8220;1\/1&#8243;][vc_empty_space empty_h=&#8220;2&#8243;][vc_gallery el_id=&#8220;gallery-115572&#8243; medias=&#8220;304,294,288,285,283,289,290,278,281,280,292,293&#8243; gutter_size=&#8220;0&#8243; screen_lg=&#8220;600&#8243; screen_md=&#8220;600&#8243; screen_sm=&#8220;100&#8243; single_width=&#8220;3&#8243; images_size=&#8220;four-three&#8220; single_overlay_opacity=&#8220;20&#8243; single_image_anim=&#8220;no&#8220; single_h_align=&#8220;center&#8220; single_padding=&#8220;2&#8243; single_icon=&#8220;fa fa-plus2&#8243; single_border=&#8220;yes&#8220; single_css_animation=&#8220;zoom-in&#8220; single_animation_delay=&#8220;200&#8243; uncode_shortcode_id=&#8220;569675&#8243;][\/vc_column_inner][\/vc_row_inner][vc_row_inner row_inner_height_percent=&#8220;0&#8243; overlay_alpha=&#8220;50&#8243; gutter_size=&#8220;4&#8243; shift_y=&#8220;0&#8243; z_index=&#8220;0&#8243;][vc_column_inner column_width_percent=&#8220;100&#8243; gutter_size=&#8220;3&#8243; overlay_alpha=&#8220;50&#8243; shift_x=&#8220;0&#8243; shift_y=&#8220;0&#8243; shift_y_down=&#8220;0&#8243; z_index=&#8220;0&#8243; medium_width=&#8220;0&#8243; mobile_width=&#8220;0&#8243; width=&#8220;1\/1&#8243;][vc_empty_space empty_h=&#8220;2&#8243;][\/vc_column_inner][\/vc_row_inner][\/vc_column][\/vc_row][vc_row row_height_percent=&#8220;0&#8243; override_padding=&#8220;yes&#8220; h_padding=&#8220;2&#8243; top_padding=&#8220;5&#8243; bottom_padding=&#8220;5&#8243; back_color=&#8220;color-xsdn&#8220; overlay_alpha=&#8220;50&#8243; gutter_size=&#8220;4&#8243; column_width_percent=&#8220;100&#8243; shift_y=&#8220;0&#8243; z_index=&#8220;0&#8243; content_parallax=&#8220;0&#8243; uncode_shortcode_id=&#8220;725898&#8243; back_color_type=&#8220;uncode-palette&#8220;][vc_column column_width_percent=&#8220;100&#8243; gutter_size=&#8220;2&#8243; style=&#8220;light&#8220; font_family=&#8220;font-163697&#8243; overlay_alpha=&#8220;50&#8243; shift_x=&#8220;0&#8243; shift_y=&#8220;0&#8243; shift_y_down=&#8220;0&#8243; z_index=&#8220;0&#8243; medium_width=&#8220;0&#8243; mobile_width=&#8220;0&#8243; width=&#8220;1\/1&#8243; uncode_shortcode_id=&#8220;822855&#8243;][vc_row_inner limit_content=&#8220;&#8220;][vc_column_inner column_width_percent=&#8220;100&#8243; gutter_size=&#8220;2&#8243; style=&#8220;dark&#8220; overlay_alpha=&#8220;50&#8243; shift_x=&#8220;0&#8243; shift_y=&#8220;0&#8243; shift_y_down=&#8220;0&#8243; z_index=&#8220;0&#8243; medium_width=&#8220;0&#8243; mobile_width=&#8220;0&#8243; width=&#8220;4\/12&#8243;][vc_custom_heading text_color=&#8220;accent&#8220; heading_semantic=&#8220;h3&#8243; text_font=&#8220;font-163697&#8243; text_size=&#8220;h3&#8243; uncode_shortcode_id=&#8220;106746&#8243; text_color_type=&#8220;uncode-palette&#8220;]NA\u0160E P\u0158ESTAVBY[\/vc_custom_heading][vc_empty_space empty_h=&#8220;2&#8243; desktop_visibility=&#8220;yes&#8220;][\/vc_column_inner][vc_column_inner column_width_percent=&#8220;100&#8243; gutter_size=&#8220;3&#8243; overlay_alpha=&#8220;50&#8243; shift_x=&#8220;0&#8243; shift_y=&#8220;0&#8243; shift_y_down=&#8220;0&#8243; z_index=&#8220;0&#8243; medium_visibility=&#8220;yes&#8220; medium_width=&#8220;0&#8243; mobile_visibility=&#8220;yes&#8220; mobile_width=&#8220;0&#8243; width=&#8220;2\/12&#8243;][\/vc_column_inner][vc_column_inner column_width_percent=&#8220;100&#8243; gutter_size=&#8220;3&#8243; style=&#8220;dark&#8220; overlay_alpha=&#8220;50&#8243; shift_x=&#8220;0&#8243; shift_y=&#8220;0&#8243; shift_y_down=&#8220;0&#8243; z_index=&#8220;0&#8243; medium_width=&#8220;0&#8243; mobile_width=&#8220;0&#8243; width=&#8220;6\/12&#8243;][vc_column_text text_color=&#8220;color-prif&#8220; uncode_shortcode_id=&#8220;394167&#8243; text_color_type=&#8220;uncode-palette&#8220;]Prom\u011bn\u00edme star\u00e9 v nov\u00e9. P\u0159estavby dom\u016f, byt\u016f i firemn\u00edch prostor d\u011bl\u00e1me s d\u016frazem na kvalitu, funk\u010dnost a modern\u00ed \u0159e\u0161en\u00ed. Ka\u017ed\u00fd detail m\u00e1 sv\u00e9 m\u00edsto.[\/vc_column_text][\/vc_column_inner][\/vc_row_inner][vc_empty_space empty_h=&#8220;2&#8243;][vc_custom_heading text_color=&#8220;color-prif&#8220; heading_semantic=&#8220;h3&#8243; text_font=&#8220;font-163697&#8243; text_size=&#8220;h3&#8243; uncode_shortcode_id=&#8220;136202&#8243; text_color_type=&#8220;uncode-palette&#8220;]BYTOV\u00c9 J\u00c1DRO a P\u0158ESTAVBA KOUPELNY[\/vc_custom_heading][vc_row_inner row_inner_height_percent=&#8220;0&#8243; overlay_alpha=&#8220;50&#8243; gutter_size=&#8220;4&#8243; shift_y=&#8220;0&#8243; z_index=&#8220;0&#8243;][vc_column_inner column_width_percent=&#8220;100&#8243; gutter_size=&#8220;3&#8243; overlay_alpha=&#8220;50&#8243; shift_x=&#8220;0&#8243; shift_y=&#8220;0&#8243; shift_y_down=&#8220;0&#8243; z_index=&#8220;0&#8243; medium_width=&#8220;0&#8243; mobile_width=&#8220;0&#8243; width=&#8220;1\/2&#8243;][vc_custom_heading text_color=&#8220;color-prif&#8220; heading_semantic=&#8220;h4&#8243; text_font=&#8220;font-163697&#8243; text_size=&#8220;h4&#8243; text_weight=&#8220;300&#8243; uncode_shortcode_id=&#8220;146477&#8243; text_color_type=&#8220;uncode-palette&#8220;]V\u00ddSLEDEK[\/vc_custom_heading][vc_gallery el_id=&#8220;gallery-115572&#8243; medias=&#8220;85,86,87,88,89,91,335&#8243; gutter_size=&#8220;0&#8243; media_items=&#8220;media|lightbox|original&#8220; screen_lg=&#8220;600&#8243; screen_md=&#8220;600&#8243; screen_sm=&#8220;100&#8243; single_width=&#8220;3&#8243; images_size=&#8220;four-three&#8220; single_overlay_opacity=&#8220;20&#8243; single_image_anim=&#8220;no&#8220; single_h_align=&#8220;center&#8220; single_padding=&#8220;2&#8243; single_icon=&#8220;fa fa-plus2&#8243; single_border=&#8220;yes&#8220; single_css_animation=&#8220;zoom-in&#8220; single_animation_delay=&#8220;200&#8243; uncode_shortcode_id=&#8220;192299&#8243;][\/vc_column_inner][vc_column_inner width=&#8220;1\/2&#8243;][vc_custom_heading text_color=&#8220;color-prif&#8220; heading_semantic=&#8220;h4&#8243; text_font=&#8220;font-163697&#8243; text_size=&#8220;h4&#8243; text_weight=&#8220;300&#8243; uncode_shortcode_id=&#8220;957322&#8243; text_color_type=&#8220;uncode-palette&#8220;]P\u0158ED[\/vc_custom_heading][vc_gallery el_id=&#8220;gallery-115572&#8243; medias=&#8220;312,313,314,316,318,323,325,326&#8243; gutter_size=&#8220;0&#8243; media_items=&#8220;media|lightbox|original&#8220; screen_lg=&#8220;600&#8243; screen_md=&#8220;600&#8243; screen_sm=&#8220;100&#8243; single_width=&#8220;3&#8243; images_size=&#8220;four-three&#8220; single_overlay_opacity=&#8220;20&#8243; single_image_anim=&#8220;no&#8220; single_h_align=&#8220;center&#8220; single_padding=&#8220;2&#8243; single_icon=&#8220;fa fa-plus2&#8243; single_border=&#8220;yes&#8220; single_css_animation=&#8220;zoom-in&#8220; single_animation_delay=&#8220;200&#8243; uncode_shortcode_id=&#8220;146642&#8243;][\/vc_column_inner][\/vc_row_inner][\/vc_column][\/vc_row][vc_row row_height_percent=&#8220;0&#8243; override_padding=&#8220;yes&#8220; h_padding=&#8220;2&#8243; top_padding=&#8220;5&#8243; bottom_padding=&#8220;5&#8243; back_color=&#8220;color-xsdn&#8220; overlay_alpha=&#8220;50&#8243; gutter_size=&#8220;4&#8243; column_width_percent=&#8220;100&#8243; shift_y=&#8220;0&#8243; z_index=&#8220;0&#8243; content_parallax=&#8220;0&#8243; uncode_shortcode_id=&#8220;725898&#8243; back_color_type=&#8220;uncode-palette&#8220;][vc_column column_width_percent=&#8220;100&#8243; gutter_size=&#8220;2&#8243; style=&#8220;light&#8220; font_family=&#8220;font-163697&#8243; overlay_alpha=&#8220;50&#8243; shift_x=&#8220;0&#8243; shift_y=&#8220;0&#8243; shift_y_down=&#8220;0&#8243; z_index=&#8220;0&#8243; medium_width=&#8220;0&#8243; mobile_width=&#8220;0&#8243; width=&#8220;1\/1&#8243; uncode_shortcode_id=&#8220;822855&#8243;][vc_row_inner limit_content=&#8220;&#8220;][vc_column_inner column_width_percent=&#8220;100&#8243; gutter_size=&#8220;2&#8243; style=&#8220;dark&#8220; overlay_alpha=&#8220;50&#8243; shift_x=&#8220;0&#8243; shift_y=&#8220;0&#8243; shift_y_down=&#8220;0&#8243; z_index=&#8220;0&#8243; medium_width=&#8220;0&#8243; mobile_width=&#8220;0&#8243; width=&#8220;4\/12&#8243;][vc_empty_space empty_h=&#8220;2&#8243; desktop_visibility=&#8220;yes&#8220;][\/vc_column_inner][\/vc_row_inner][vc_custom_heading text_color=&#8220;color-prif&#8220; heading_semantic=&#8220;h3&#8243; text_font=&#8220;font-163697&#8243; text_size=&#8220;h3&#8243; uncode_shortcode_id=&#8220;140078&#8243; text_color_type=&#8220;uncode-palette&#8220;]DAL\u0160\u00cd PR\u00c1CE[\/vc_custom_heading][vc_gallery el_id=&#8220;gallery-115572&#8243; medias=&#8220;207,208,209,206,228,227,282,287&#8243; gutter_size=&#8220;0&#8243; screen_lg=&#8220;600&#8243; screen_md=&#8220;600&#8243; screen_sm=&#8220;100&#8243; single_width=&#8220;3&#8243; images_size=&#8220;four-three&#8220; single_overlay_opacity=&#8220;20&#8243; single_image_anim=&#8220;no&#8220; single_h_align=&#8220;center&#8220; single_padding=&#8220;2&#8243; single_icon=&#8220;fa fa-plus2&#8243; single_border=&#8220;yes&#8220; single_css_animation=&#8220;zoom-in&#8220; single_animation_delay=&#8220;200&#8243; uncode_shortcode_id=&#8220;128024&#8243;][\/vc_column][\/vc_row]<\/p>\n<\/div>","protected":false},"excerpt":{"rendered":"<p>[vc_row row_height_percent=&#8220;0&#8243; override_padding=&#8220;yes&#8220; h_padding=&#8220;2&#8243; top_padding=&#8220;5&#8243; bottom_padding=&#8220;5&#8243; back_color=&#8220;color-xsdn&#8220; back_image=&#8220;203&#8243; back_repeat=&#8220;no-repeat&#8220; back_attachment=&#8220;scroll&#8220; back_position=&#8220;center top&#8220; overlay_alpha=&#8220;50&#8243; gutter_size=&#8220;4&#8243; column_width_percent=&#8220;100&#8243; shift_y=&#8220;0&#8243; z_index=&#8220;0&#8243; content_parallax=&#8220;0&#8243; uncode_shortcode_id=&#8220;613666&#8243; back_color_type=&#8220;uncode-palette&#8220; [&hellip;]<\/p>\n","protected":false},"author":2,"featured_media":0,"parent":0,"menu_order":0,"comment_status":"closed","ping_status":"closed","template":"","meta":{"footnotes":""},"class_list":["post-276","page","type-page","status-publish","hentry"],"_links":{"self":[{"href":"https:\/\/liskaakotous.cz\/index.php?rest_route=\/wp\/v2\/pages\/276","targetHints":{"allow":["GET"]}}],"collection":[{"href":"https:\/\/liskaakotous.cz\/index.php?rest_route=\/wp\/v2\/pages"}],"about":[{"href":"https:\/\/liskaakotous.cz\/index.php?rest_route=\/wp\/v2\/types\/page"}],"author":[{"embeddable":true,"href":"https:\/\/liskaakotous.cz\/index.php?rest_route=\/wp\/v2\/users\/2"}],"replies":[{"embeddable":true,"href":"https:\/\/liskaakotous.cz\/index.php?rest_route=%2Fwp%2Fv2%2Fcomments&post=276"}],"version-history":[{"count":15,"href":"https:\/\/liskaakotous.cz\/index.php?rest_route=\/wp\/v2\/pages\/276\/revisions"}],"predecessor-version":[{"id":337,"href":"https:\/\/liskaakotous.cz\/index.php?rest_route=\/wp\/v2\/pages\/276\/revisions\/337"}],"wp:attachment":[{"href":"https:\/\/liskaakotous.cz\/index.php?rest_route=%2Fwp%2Fv2%2Fmedia&parent=276"}],"curies":[{"name":"wp","href":"https:\/\/api.w.org\/{rel}","templated":true}]}}