{"id":128,"date":"2022-11-10T21:46:07","date_gmt":"2022-11-10T20:46:07","guid":{"rendered":"https:\/\/liskaakotous.cz\/?page_id=128"},"modified":"2025-05-04T15:49:06","modified_gmt":"2025-05-04T14:49:06","slug":"uvod","status":"publish","type":"page","link":"https:\/\/liskaakotous.cz\/","title":{"rendered":"O n\u00e1s"},"content":{"rendered":"<div class=\"wpb-content-wrapper\"><p>[vc_row row_height_percent=&#8220;60&#8243; override_padding=&#8220;yes&#8220; h_padding=&#8220;2&#8243; top_padding=&#8220;5&#8243; bottom_padding=&#8220;5&#8243; back_color=&#8220;color-xsdn&#8220; back_image=&#8220;170&#8243; back_position=&#8220;center bottom&#8220; parallax=&#8220;yes&#8220; kburns=&#8220;zoom&#8220; overlay_color=&#8220;accent&#8220; overlay_alpha=&#8220;60&#8243; gutter_size=&#8220;3&#8243; column_width_percent=&#8220;100&#8243; shift_y=&#8220;0&#8243; z_index=&#8220;0&#8243; top_divider=&#8220;gradient&#8220; bottom_divider=&#8220;gradient&#8220; content_parallax=&#8220;0&#8243; front_end_with_slider=&#8220;true&#8220; uncode_shortcode_id=&#8220;178031&#8243; back_color_type=&#8220;uncode-palette&#8220; overlay_color_type=&#8220;uncode-palette&#8220;][vc_column column_width_percent=&#8220;100&#8243; gutter_size=&#8220;3&#8243; overlay_alpha=&#8220;50&#8243; shift_x=&#8220;0&#8243; shift_y=&#8220;0&#8243; shift_y_down=&#8220;0&#8243; z_index=&#8220;0&#8243; medium_width=&#8220;0&#8243; mobile_width=&#8220;0&#8243; zoom_width=&#8220;0&#8243; zoom_height=&#8220;0&#8243; width=&#8220;1\/1&#8243;][uncode_slider slider_type=&#8220;fade&#8220; slider_interval=&#8220;5000&#8243; slider_navspeed=&#8220;400&#8243; slider_loop=&#8220;yes&#8220; slider_hide_arrows=&#8220;yes&#8220;][vc_row_inner row_inner_height_percent=&#8220;0&#8243; overlay_alpha=&#8220;50&#8243; gutter_size=&#8220;3&#8243; shift_y=&#8220;0&#8243; z_index=&#8220;0&#8243; limit_content=&#8220;yes&#8220; front_end_with_slider=&#8220;true&#8220; uncode_shortcode_id=&#8220;161160&#8243;][vc_column_inner column_width_percent=&#8220;100&#8243; position_vertical=&#8220;middle&#8220; align_horizontal=&#8220;align_center&#8220; gutter_size=&#8220;2&#8243; style=&#8220;dark&#8220; overlay_alpha=&#8220;50&#8243; shift_x=&#8220;0&#8243; shift_y=&#8220;0&#8243; shift_y_down=&#8220;0&#8243; z_index=&#8220;0&#8243; medium_width=&#8220;0&#8243; mobile_width=&#8220;0&#8243; css_animation=&#8220;bottom-t-top&#8220; animation_delay=&#8220;400&#8243; zoom_width=&#8220;0&#8243; zoom_height=&#8220;0&#8243; width=&#8220;1\/1&#8243;][vc_custom_heading heading_semantic=&#8220;h1&#8243; text_font=&#8220;font-163697&#8243; text_size=&#8220;h1&#8243; css_animation=&#8220;curtain&#8220; animation_delay=&#8220;600&#8243; uncode_shortcode_id=&#8220;206305&#8243;]MY V\u00c1M TO UD\u011aL\u00c1ME[\/vc_custom_heading][vc_custom_heading text_font=&#8220;font-163697&#8243; css_animation=&#8220;curtain&#8220; animation_delay=&#8220;600&#8243; uncode_shortcode_id=&#8220;132160&#8243;]stavby a rekonstrukce[\/vc_custom_heading][\/vc_column_inner][\/vc_row_inner][\/uncode_slider][\/vc_column][\/vc_row][vc_row row_height_percent=&#8220;0&#8243; override_padding=&#8220;yes&#8220; h_padding=&#8220;2&#8243; top_padding=&#8220;5&#8243; bottom_padding=&#8220;5&#8243; back_color=&#8220;color-xsdn&#8220; back_image=&#8220;203&#8243; back_repeat=&#8220;no-repeat&#8220; back_attachment=&#8220;scroll&#8220; back_position=&#8220;center top&#8220; overlay_alpha=&#8220;50&#8243; gutter_size=&#8220;4&#8243; column_width_percent=&#8220;100&#8243; shift_y=&#8220;0&#8243; z_index=&#8220;0&#8243; content_parallax=&#8220;0&#8243; uncode_shortcode_id=&#8220;613666&#8243; back_color_type=&#8220;uncode-palette&#8220; back_size=&#8220;1400px&#8220;][vc_column column_width_percent=&#8220;100&#8243; gutter_size=&#8220;2&#8243; style=&#8220;light&#8220; font_family=&#8220;font-163697&#8243; overlay_alpha=&#8220;50&#8243; shift_x=&#8220;0&#8243; shift_y=&#8220;0&#8243; shift_y_down=&#8220;0&#8243; z_index=&#8220;0&#8243; medium_width=&#8220;0&#8243; mobile_width=&#8220;0&#8243; width=&#8220;1\/1&#8243; uncode_shortcode_id=&#8220;822855&#8243;][vc_row_inner limit_content=&#8220;&#8220;][vc_column_inner column_width_percent=&#8220;100&#8243; gutter_size=&#8220;2&#8243; style=&#8220;dark&#8220; overlay_alpha=&#8220;50&#8243; shift_x=&#8220;0&#8243; shift_y=&#8220;0&#8243; shift_y_down=&#8220;0&#8243; z_index=&#8220;0&#8243; medium_width=&#8220;0&#8243; mobile_width=&#8220;0&#8243; width=&#8220;4\/12&#8243;][vc_custom_heading text_color=&#8220;accent&#8220; heading_semantic=&#8220;h3&#8243; text_font=&#8220;font-163697&#8243; text_size=&#8220;h3&#8243; uncode_shortcode_id=&#8220;183185&#8243; text_color_type=&#8220;uncode-palette&#8220;]MY JSME[\/vc_custom_heading][vc_empty_space empty_h=&#8220;2&#8243; desktop_visibility=&#8220;yes&#8220;][\/vc_column_inner][vc_column_inner column_width_percent=&#8220;100&#8243; gutter_size=&#8220;3&#8243; overlay_alpha=&#8220;50&#8243; shift_x=&#8220;0&#8243; shift_y=&#8220;0&#8243; shift_y_down=&#8220;0&#8243; z_index=&#8220;0&#8243; medium_visibility=&#8220;yes&#8220; medium_width=&#8220;0&#8243; mobile_visibility=&#8220;yes&#8220; mobile_width=&#8220;0&#8243; width=&#8220;2\/12&#8243;][\/vc_column_inner][vc_column_inner column_width_percent=&#8220;100&#8243; gutter_size=&#8220;3&#8243; style=&#8220;dark&#8220; overlay_alpha=&#8220;50&#8243; shift_x=&#8220;0&#8243; shift_y=&#8220;0&#8243; shift_y_down=&#8220;0&#8243; z_index=&#8220;0&#8243; medium_width=&#8220;0&#8243; mobile_width=&#8220;0&#8243; width=&#8220;6\/12&#8243;][vc_column_text text_color=&#8220;color-prif&#8220; uncode_shortcode_id=&#8220;361720&#8243; text_color_type=&#8220;uncode-palette&#8220;]Odborn\u00edci na stavby a rekonstrukce, kte\u0159\u00ed se zam\u011b\u0159uj\u00ed na kvalitu, preciznost a spokojenost z\u00e1kazn\u00edk\u016f. A\u0165 u\u017e stav\u00edte nov\u00fd d\u016fm nebo renovujete star\u00fd, jsme tu pro v\u00e1s s kompletn\u00edm servisem od n\u00e1vrhu a\u017e po realizaci.[\/vc_column_text][\/vc_column_inner][\/vc_row_inner][vc_row_inner limit_content=&#8220;&#8220;][vc_column_inner column_width_percent=&#8220;100&#8243; gutter_size=&#8220;2&#8243; style=&#8220;dark&#8220; overlay_alpha=&#8220;50&#8243; shift_x=&#8220;0&#8243; shift_y=&#8220;0&#8243; shift_y_down=&#8220;0&#8243; z_index=&#8220;0&#8243; medium_width=&#8220;0&#8243; mobile_width=&#8220;0&#8243; width=&#8220;4\/12&#8243; uncode_shortcode_id=&#8220;108729&#8243;][vc_custom_heading text_color=&#8220;color-prif&#8220; heading_semantic=&#8220;h3&#8243; text_font=&#8220;font-163697&#8243; text_size=&#8220;h3&#8243; uncode_shortcode_id=&#8220;161452&#8243; text_color_type=&#8220;uncode-palette&#8220;]UD\u011aL\u00c1ME PRO V\u00c1S[\/vc_custom_heading][vc_custom_heading text_color=&#8220;color-prif&#8220; heading_semantic=&#8220;h4&#8243; text_font=&#8220;font-163697&#8243; text_size=&#8220;h4&#8243; text_weight=&#8220;300&#8243; uncode_shortcode_id=&#8220;172389&#8243; text_color_type=&#8220;uncode-palette&#8220;]STAVEBN\u00cd PR\u00c1CE[\/vc_custom_heading][vc_empty_space empty_h=&#8220;2&#8243; desktop_visibility=&#8220;yes&#8220;][\/vc_column_inner][\/vc_row_inner][vc_empty_space empty_h=&#8220;2&#8243;][vc_row_inner row_inner_height_percent=&#8220;0&#8243; overlay_alpha=&#8220;50&#8243; gutter_size=&#8220;3&#8243; shift_y=&#8220;0&#8243; z_index=&#8220;0&#8243; limit_content=&#8220;&#8220; uncode_shortcode_id=&#8220;836544&#8243;][vc_column_inner column_width_percent=&#8220;100&#8243; gutter_size=&#8220;3&#8243; style=&#8220;dark&#8220; overlay_alpha=&#8220;50&#8243; shift_x=&#8220;0&#8243; shift_y=&#8220;0&#8243; shift_y_down=&#8220;0&#8243; z_index=&#8220;0&#8243; medium_width=&#8220;4&#8243; mobile_width=&#8220;4&#8243; width=&#8220;1\/4&#8243;][vc_single_image media=&#8220;206&#8243; media_width_percent=&#8220;100&#8243; media_ratio=&#8220;three-four&#8220; shadow=&#8220;yes&#8220; shadow_weight=&#8220;lg&#8220; advanced=&#8220;yes&#8220; media_items=&#8220;title,media|original&#8220; media_overlay_color=&#8220;color-prif&#8220; media_overlay_opacity=&#8220;50&#8243; media_overlay_visible=&#8220;yes&#8220; media_text_visible=&#8220;yes&#8220; media_h_align=&#8220;center&#8220; media_padding=&#8220;0&#8243; media_title_family=&#8220;font-163697&#8243; media_title_dimension=&#8220;h4&#8243; uncode_shortcode_id=&#8220;136823&#8243; media_overlay_color_type=&#8220;uncode-palette&#8220; media_title_custom=&#8220;STAVBA NA KL\u00cd\u010c&#8220;][\/vc_column_inner][vc_column_inner column_width_percent=&#8220;100&#8243; gutter_size=&#8220;3&#8243; style=&#8220;dark&#8220; overlay_alpha=&#8220;50&#8243; shift_x=&#8220;0&#8243; shift_y=&#8220;0&#8243; shift_y_down=&#8220;0&#8243; z_index=&#8220;0&#8243; medium_width=&#8220;4&#8243; mobile_width=&#8220;4&#8243; width=&#8220;1\/4&#8243;][vc_single_image media=&#8220;208&#8243; media_width_percent=&#8220;100&#8243; media_ratio=&#8220;three-four&#8220; shadow=&#8220;yes&#8220; shadow_weight=&#8220;lg&#8220; advanced=&#8220;yes&#8220; media_items=&#8220;title,media|original&#8220; media_overlay_color=&#8220;color-prif&#8220; media_overlay_opacity=&#8220;50&#8243; media_overlay_visible=&#8220;yes&#8220; media_text_visible=&#8220;yes&#8220; media_h_align=&#8220;center&#8220; media_padding=&#8220;0&#8243; media_title_family=&#8220;font-163697&#8243; media_title_dimension=&#8220;h4&#8243; uncode_shortcode_id=&#8220;931657&#8243; media_overlay_color_type=&#8220;uncode-palette&#8220; media_title_custom=&#8220;REKONSTRUKCE BYT\u016e&#8220;][\/vc_column_inner][vc_column_inner column_width_percent=&#8220;100&#8243; gutter_size=&#8220;3&#8243; style=&#8220;dark&#8220; overlay_alpha=&#8220;50&#8243; shift_x=&#8220;0&#8243; shift_y=&#8220;0&#8243; shift_y_down=&#8220;0&#8243; z_index=&#8220;0&#8243; medium_width=&#8220;4&#8243; mobile_width=&#8220;4&#8243; width=&#8220;1\/4&#8243;][vc_single_image media=&#8220;207&#8243; media_width_percent=&#8220;100&#8243; media_ratio=&#8220;three-four&#8220; shadow=&#8220;yes&#8220; shadow_weight=&#8220;lg&#8220; advanced=&#8220;yes&#8220; media_items=&#8220;title,media|original&#8220; media_overlay_color=&#8220;color-prif&#8220; media_overlay_opacity=&#8220;50&#8243; media_overlay_visible=&#8220;yes&#8220; media_text_visible=&#8220;yes&#8220; media_h_align=&#8220;center&#8220; media_padding=&#8220;0&#8243; media_title_family=&#8220;font-163697&#8243; media_title_dimension=&#8220;h4&#8243; uncode_shortcode_id=&#8220;477102&#8243; media_overlay_color_type=&#8220;uncode-palette&#8220; media_title_custom=&#8220;REKONSTRUKCE KOUPELEN&#8220;][\/vc_column_inner][vc_column_inner column_width_percent=&#8220;100&#8243; gutter_size=&#8220;3&#8243; style=&#8220;dark&#8220; overlay_alpha=&#8220;50&#8243; shift_x=&#8220;0&#8243; shift_y=&#8220;0&#8243; shift_y_down=&#8220;0&#8243; z_index=&#8220;0&#8243; medium_width=&#8220;4&#8243; mobile_width=&#8220;4&#8243; width=&#8220;1\/4&#8243;][vc_single_image media=&#8220;209&#8243; media_width_percent=&#8220;100&#8243; media_ratio=&#8220;three-four&#8220; shadow=&#8220;yes&#8220; shadow_weight=&#8220;lg&#8220; advanced=&#8220;yes&#8220; media_items=&#8220;title,media|original&#8220; media_overlay_color=&#8220;color-prif&#8220; media_overlay_opacity=&#8220;50&#8243; media_overlay_visible=&#8220;yes&#8220; media_text_visible=&#8220;yes&#8220; media_h_align=&#8220;center&#8220; media_padding=&#8220;0&#8243; media_title_family=&#8220;font-163697&#8243; media_title_dimension=&#8220;h4&#8243; uncode_shortcode_id=&#8220;642100&#8243; media_overlay_color_type=&#8220;uncode-palette&#8220; media_title_custom=&#8220;OBKLADY A DLA\u017dBY&#8220;][\/vc_column_inner][\/vc_row_inner][\/vc_column][\/vc_row][vc_row row_height_percent=&#8220;0&#8243; override_padding=&#8220;yes&#8220; h_padding=&#8220;2&#8243; top_padding=&#8220;2&#8243; bottom_padding=&#8220;4&#8243; overlay_alpha=&#8220;50&#8243; gutter_size=&#8220;3&#8243; column_width_percent=&#8220;100&#8243; shift_y=&#8220;0&#8243; z_index=&#8220;0&#8243; content_parallax=&#8220;0&#8243; uncode_shortcode_id=&#8220;150473&#8243;][vc_column width=&#8220;1\/1&#8243;][vc_row_inner limit_content=&#8220;&#8220;][vc_column_inner column_width_percent=&#8220;100&#8243; gutter_size=&#8220;2&#8243; style=&#8220;dark&#8220; overlay_alpha=&#8220;50&#8243; shift_x=&#8220;0&#8243; shift_y=&#8220;0&#8243; shift_y_down=&#8220;0&#8243; z_index=&#8220;0&#8243; medium_width=&#8220;0&#8243; mobile_width=&#8220;0&#8243; width=&#8220;4\/12&#8243; uncode_shortcode_id=&#8220;108729&#8243;][vc_custom_heading text_color=&#8220;color-prif&#8220; heading_semantic=&#8220;h3&#8243; text_font=&#8220;font-163697&#8243; text_size=&#8220;h3&#8243; uncode_shortcode_id=&#8220;203382&#8243; text_color_type=&#8220;uncode-palette&#8220;]NAB\u00cdZ\u00cdME TAK\u00c9[\/vc_custom_heading][vc_custom_heading text_color=&#8220;color-prif&#8220; heading_semantic=&#8220;h4&#8243; text_font=&#8220;font-163697&#8243; text_size=&#8220;h4&#8243; text_weight=&#8220;300&#8243; uncode_shortcode_id=&#8220;161821&#8243; text_color_type=&#8220;uncode-palette&#8220;]K\u00c1CEN\u00cd A \u0160T\u011aPKOV\u00c1N\u00cd[\/vc_custom_heading][vc_empty_space empty_h=&#8220;2&#8243; desktop_visibility=&#8220;yes&#8220;][\/vc_column_inner][\/vc_row_inner][vc_row_inner row_inner_height_percent=&#8220;0&#8243; overlay_alpha=&#8220;50&#8243; gutter_size=&#8220;3&#8243; shift_y=&#8220;0&#8243; z_index=&#8220;0&#8243; limit_content=&#8220;&#8220; uncode_shortcode_id=&#8220;206327&#8243;][vc_column_inner column_width_percent=&#8220;100&#8243; gutter_size=&#8220;3&#8243; style=&#8220;dark&#8220; overlay_alpha=&#8220;50&#8243; shift_x=&#8220;0&#8243; shift_y=&#8220;0&#8243; shift_y_down=&#8220;0&#8243; z_index=&#8220;0&#8243; medium_width=&#8220;0&#8243; mobile_width=&#8220;0&#8243; width=&#8220;4\/12&#8243; uncode_shortcode_id=&#8220;145551&#8243;][vc_gallery el_id=&#8220;gallery-197117&#8243; type=&#8220;carousel&#8220; medias=&#8220;226,227,228&#8243; gallery_back_color=&#8220;color-xsdn&#8220; carousel_lg=&#8220;3&#8243; carousel_md=&#8220;3&#8243; carousel_sm=&#8220;2&#8243; gutter_size=&#8220;3&#8243; media_items=&#8220;media|lightbox|original&#8220; carousel_interval=&#8220;3000&#8243; carousel_navspeed=&#8220;400&#8243; stage_padding=&#8220;0&#8243; single_overlay_opacity=&#8220;1&#8243; single_padding=&#8220;2&#8243; single_css_animation=&#8220;left-t-right&#8220; uncode_shortcode_id=&#8220;183626&#8243; gallery_back_color_type=&#8220;uncode-palette&#8220;][vc_empty_space empty_h=&#8220;2&#8243; desktop_visibility=&#8220;yes&#8220;][\/vc_column_inner][\/vc_row_inner][vc_empty_space empty_h=&#8220;2&#8243;][\/vc_column][\/vc_row][vc_row row_height_percent=&#8220;0&#8243; override_padding=&#8220;yes&#8220; h_padding=&#8220;2&#8243; top_padding=&#8220;2&#8243; bottom_padding=&#8220;4&#8243; overlay_alpha=&#8220;50&#8243; gutter_size=&#8220;3&#8243; column_width_percent=&#8220;100&#8243; shift_y=&#8220;0&#8243; z_index=&#8220;0&#8243; content_parallax=&#8220;0&#8243; uncode_shortcode_id=&#8220;150473&#8243;][vc_column width=&#8220;1\/1&#8243;][vc_row_inner limit_content=&#8220;&#8220;][vc_column_inner column_width_percent=&#8220;100&#8243; gutter_size=&#8220;2&#8243; style=&#8220;dark&#8220; overlay_alpha=&#8220;50&#8243; shift_x=&#8220;0&#8243; shift_y=&#8220;0&#8243; shift_y_down=&#8220;0&#8243; z_index=&#8220;0&#8243; medium_width=&#8220;0&#8243; mobile_width=&#8220;0&#8243; width=&#8220;4\/12&#8243; uncode_shortcode_id=&#8220;108729&#8243;][vc_custom_heading text_color=&#8220;color-prif&#8220; heading_semantic=&#8220;h3&#8243; text_font=&#8220;font-163697&#8243; text_size=&#8220;h3&#8243; uncode_shortcode_id=&#8220;870852&#8243; text_color_type=&#8220;uncode-palette&#8220;]LOK\u00c1LN\u00cd PARTNE\u0158I[\/vc_custom_heading][vc_gallery el_id=&#8220;gallery-197117&#8243; type=&#8220;linear&#8220; medias=&#8220;239,252,241,242,243,244&#8243; gutter_size=&#8220;2&#8243; linear_width=&#8220;clamp(40px, 20vw, 450px)&#8220; linear_speed=&#8220;-1&#8243; media_items=&#8220;media|custom_link|original&#8220; single_back_color=&#8220;color-xsdn&#8220; single_shape=&#8220;round&#8220; radius=&#8220;hg&#8220; single_overlay_opacity=&#8220;1&#8243; single_padding=&#8220;2&#8243; single_shadow=&#8220;yes&#8220; shadow_weight=&#8220;std&#8220; lbox_gallery_arrows=&#8220;no&#8220; uncode_shortcode_id=&#8220;854694&#8243; items=&#8220;eyIyMzlfaSI6eyJzaW5nbGVfbGluayI6InVybDpodHRwcyUzQSUyRiUyRnd3dy5zaXdvLXRyYWRlLmN6JTJGfHRhcmdldDpfYmxhbmt8cmVsOm5vZm9sbG93In0sIjI1Ml9pIjp7InNpbmdsZV9saW5rIjoidXJsOmh0dHBzJTNBJTJGJTJGd3d3LnBvcmZpeC5jeiUyRnx0YXJnZXQ6X2JsYW5rfHJlbDpub2ZvbGxvdyJ9LCIyNDFfaSI6eyJzaW5nbGVfbGluayI6InVybDpodHRwcyUzQSUyRiUyRnd3dy5hbGxtby1wcm9maWwuY3olMkZ8dGFyZ2V0Ol9ibGFua3xyZWw6bm9mb2xsb3cifSwiMjQyX2kiOnsic2luZ2xlX2xpbmsiOiJ1cmw6aHR0cHMlM0ElMkYlMkZ3d3cua2FzcGVyY3ouY3olMkZ8dGFyZ2V0Ol9ibGFua3xyZWw6bm9mb2xsb3cifSwiMjQzX2kiOnsic2luZ2xlX2xpbmsiOiJ1cmw6aHR0cHMlM0ElMkYlMkZ3d3cuaHNiZXRvbi5jeiUyRnx0YXJnZXQ6X2JsYW5rfHJlbDpub2ZvbGxvdyJ9LCIyNDRfaSI6eyJzaW5nbGVfbGluayI6InVybDpodHRwcyUzQSUyRiUyRnd3dy5kYXJvcy1wcm9maS5jeiUyRnx0YXJnZXQ6X2JsYW5rfHJlbDpub2ZvbGxvdyJ9fQ==&#8220;][vc_empty_space empty_h=&#8220;2&#8243; desktop_visibility=&#8220;yes&#8220;][\/vc_column_inner][\/vc_row_inner][\/vc_column][\/vc_row][vc_row row_height_percent=&#8220;0&#8243; override_padding=&#8220;yes&#8220; h_padding=&#8220;2&#8243; top_padding=&#8220;3&#8243; bottom_padding=&#8220;3&#8243; back_color=&#8220;color-prif&#8220; overlay_alpha=&#8220;15&#8243; gutter_size=&#8220;3&#8243; column_width_percent=&#8220;100&#8243; shift_y=&#8220;0&#8243; z_index=&#8220;0&#8243; top_divider=&#8220;gradient&#8220; bottom_divider=&#8220;gradient&#8220; content_parallax=&#8220;0&#8243; uncode_shortcode_id=&#8220;148914&#8243; back_color_type=&#8220;uncode-palette&#8220;][vc_column column_width_use_pixel=&#8220;yes&#8220; position_vertical=&#8220;middle&#8220; gutter_size=&#8220;3&#8243; style=&#8220;dark&#8220; overlay_alpha=&#8220;50&#8243; shift_x=&#8220;0&#8243; shift_y=&#8220;0&#8243; shift_y_down=&#8220;0&#8243; z_index=&#8220;0&#8243; medium_width=&#8220;0&#8243; mobile_width=&#8220;0&#8243; width=&#8220;1\/1&#8243; uncode_shortcode_id=&#8220;772899&#8243; column_width_pixel=&#8220;1000&#8243;][vc_custom_heading heading_semantic=&#8220;h3&#8243; text_font=&#8220;font-163697&#8243; text_size=&#8220;h1&#8243; uncode_shortcode_id=&#8220;742888&#8243;]My v\u00e1m to ud\u011bl\u00e1me.[\/vc_custom_heading][vc_row_inner row_inner_height_percent=&#8220;0&#8243; overlay_alpha=&#8220;50&#8243; gutter_size=&#8220;4&#8243; shift_y=&#8220;0&#8243; z_index=&#8220;0&#8243; limit_content=&#8220;&#8220;][vc_column_inner column_width_percent=&#8220;100&#8243; gutter_size=&#8220;3&#8243; style=&#8220;dark&#8220; overlay_alpha=&#8220;50&#8243; shift_x=&#8220;0&#8243; shift_y=&#8220;0&#8243; shift_y_down=&#8220;0&#8243; z_index=&#8220;0&#8243; medium_width=&#8220;0&#8243; mobile_width=&#8220;0&#8243; width=&#8220;1\/4&#8243; uncode_shortcode_id=&#8220;500698&#8243;][vc_single_image media=&#8220;211&#8243; media_width_percent=&#8220;30&#8243; alignment=&#8220;center&#8220; uncode_shortcode_id=&#8220;773743&#8243;][vc_empty_space empty_h=&#8220;1&#8243; mobile_visibility=&#8220;yes&#8220;][\/vc_column_inner][vc_column_inner width=&#8220;3\/4&#8243;][vc_column_text text_lead=&#8220;yes&#8220; text_color=&#8220;color-xsdn&#8220; uncode_shortcode_id=&#8220;153793&#8243; text_color_type=&#8220;uncode-palette&#8220;]Li\u0161ka &amp; Kotou\u0161 s.r.o. \u2014 Spolehliv\u00fd partner pro va\u0161e stavby a pr\u00e1ci s t\u011b\u017ekou technikou. Kvalitn\u00ed \u0159emeslo, f\u00e9rov\u00fd p\u0159\u00edstup, poctiv\u00e1 pr\u00e1ce.[\/vc_column_text][\/vc_column_inner][\/vc_row_inner][vc_separator sep_color=&#8220;,Default&#8220;][vc_row_inner row_inner_height_percent=&#8220;0&#8243; overlay_alpha=&#8220;50&#8243; gutter_size=&#8220;4&#8243; shift_y=&#8220;0&#8243; z_index=&#8220;0&#8243; limit_content=&#8220;&#8220;][vc_column_inner column_width_percent=&#8220;100&#8243; gutter_size=&#8220;3&#8243; style=&#8220;dark&#8220; overlay_alpha=&#8220;50&#8243; shift_x=&#8220;0&#8243; shift_y=&#8220;0&#8243; shift_y_down=&#8220;0&#8243; z_index=&#8220;0&#8243; medium_width=&#8220;4&#8243; mobile_width=&#8220;0&#8243; width=&#8220;1\/2&#8243; uncode_shortcode_id=&#8220;745225&#8243;][vc_custom_heading heading_semantic=&#8220;h6&#8243; text_size=&#8220;h4&#8243; sub_lead=&#8220;yes&#8220; sub_reduced=&#8220;yes&#8220; uncode_shortcode_id=&#8220;182756&#8243; subheading=&#8220;Luk\u00e1\u0161 Kotou\u0161, jednatel&#8220;]info@liskaakotous.cz[\/vc_custom_heading][\/vc_column_inner][vc_column_inner column_width_percent=&#8220;100&#8243; align_horizontal=&#8220;align_right&#8220; gutter_size=&#8220;3&#8243; style=&#8220;dark&#8220; overlay_alpha=&#8220;50&#8243; shift_x=&#8220;0&#8243; shift_y=&#8220;0&#8243; shift_y_down=&#8220;0&#8243; z_index=&#8220;0&#8243; medium_width=&#8220;4&#8243; align_mobile=&#8220;align_left_mobile&#8220; mobile_width=&#8220;0&#8243; width=&#8220;1\/2&#8243; uncode_shortcode_id=&#8220;201491&#8243;][vc_custom_heading heading_semantic=&#8220;h6&#8243; text_size=&#8220;h4&#8243; uncode_shortcode_id=&#8220;427813&#8243;]+ 420 731 904 747[\/vc_custom_heading][\/vc_column_inner][\/vc_row_inner][\/vc_column][\/vc_row]<\/p>\n<\/div>","protected":false},"excerpt":{"rendered":"<p>[vc_row row_height_percent=&#8220;60&#8243; override_padding=&#8220;yes&#8220; h_padding=&#8220;2&#8243; top_padding=&#8220;5&#8243; bottom_padding=&#8220;5&#8243; back_color=&#8220;color-xsdn&#8220; back_image=&#8220;170&#8243; back_position=&#8220;center bottom&#8220; parallax=&#8220;yes&#8220; kburns=&#8220;zoom&#8220; overlay_color=&#8220;accent&#8220; overlay_alpha=&#8220;60&#8243; gutter_size=&#8220;3&#8243; column_width_percent=&#8220;100&#8243; shift_y=&#8220;0&#8243; z_index=&#8220;0&#8243; top_divider=&#8220;gradient&#8220; bottom_divider=&#8220;gradient&#8220; [&hellip;]<\/p>\n","protected":false},"author":1,"featured_media":0,"parent":0,"menu_order":0,"comment_status":"closed","ping_status":"closed","template":"","meta":{"footnotes":""},"class_list":["post-128","page","type-page","status-publish","hentry"],"_links":{"self":[{"href":"https:\/\/liskaakotous.cz\/index.php?rest_route=\/wp\/v2\/pages\/128","targetHints":{"allow":["GET"]}}],"collection":[{"href":"https:\/\/liskaakotous.cz\/index.php?rest_route=\/wp\/v2\/pages"}],"about":[{"href":"https:\/\/liskaakotous.cz\/index.php?rest_route=\/wp\/v2\/types\/page"}],"author":[{"embeddable":true,"href":"https:\/\/liskaakotous.cz\/index.php?rest_route=\/wp\/v2\/users\/1"}],"replies":[{"embeddable":true,"href":"https:\/\/liskaakotous.cz\/index.php?rest_route=%2Fwp%2Fv2%2Fcomments&post=128"}],"version-history":[{"count":86,"href":"https:\/\/liskaakotous.cz\/index.php?rest_route=\/wp\/v2\/pages\/128\/revisions"}],"predecessor-version":[{"id":339,"href":"https:\/\/liskaakotous.cz\/index.php?rest_route=\/wp\/v2\/pages\/128\/revisions\/339"}],"wp:attachment":[{"href":"https:\/\/liskaakotous.cz\/index.php?rest_route=%2Fwp%2Fv2%2Fmedia&parent=128"}],"curies":[{"name":"wp","href":"https:\/\/api.w.org\/{rel}","templated":true}]}}